{"id":114,"date":"2017-04-24T13:31:26","date_gmt":"2017-04-24T11:31:26","guid":{"rendered":"http:\/\/www.janajeworreck.de\/?page_id=114"},"modified":"2020-05-01T17:51:35","modified_gmt":"2020-05-01T15:51:35","slug":"orlando-eine-biographie","status":"publish","type":"page","link":"https:\/\/www.janajeworreck.de\/index.php\/theater\/orlando-eine-biographie\/","title":{"rendered":"Orlando. Eine Biographie."},"content":{"rendered":"\n<h2 class=\"has-text-align-center wp-block-heading\">Humoristisches Theaterst\u00fcck nach dem Roman von Virginia Woolf<\/h2>\n\n\n\n<h2 class=\"has-text-align-center wp-block-heading\"><img loading=\"lazy\" decoding=\"async\" class=\"alignnone wp-image-185\" src=\"https:\/\/www.janajeworreck.de\/wp-content\/uploads\/2017\/04\/Karte-Orlando-A6-vorne-213x300.jpg\" alt=\"\" width=\"248\" height=\"349\" srcset=\"https:\/\/www.janajeworreck.de\/wp-content\/uploads\/2017\/04\/Karte-Orlando-A6-vorne-213x300.jpg 213w, https:\/\/www.janajeworreck.de\/wp-content\/uploads\/2017\/04\/Karte-Orlando-A6-vorne-768x1082.jpg 768w, https:\/\/www.janajeworreck.de\/wp-content\/uploads\/2017\/04\/Karte-Orlando-A6-vorne-700x986.jpg 700w, https:\/\/www.janajeworreck.de\/wp-content\/uploads\/2017\/04\/Karte-Orlando-A6-vorne.jpg 1242w\" sizes=\"auto, (max-width: 248px) 100vw, 248px\" \/><\/h2>\n\n\n\n<p class=\"has-text-align-center\">Biograph, Orlando und viele weitere Personen: Katrin Wunderlich<br>Textbearbeitung &amp; Regie: Jana Jeworreck<\/p>\n\n\n\n<h3 class=\"has-text-align-center wp-block-heading\"><strong>Identit\u00e4ten im Strom der Epochen<\/strong><\/h3>\n\n\n\n<blockquote class=\"wp-block-quote is-layout-flow wp-block-quote-is-layout-flow\"><p style=\"text-align: center;\"><em>\u201eDieses ist, was manche Menschen \u201edas wahre Ich\u201c nennen, [\u2026] die Summe aller Ichs [\u2026] die in unserem Wesen liegen.\u201c<\/em><\/p><\/blockquote>\n\n\n\n<h2 class=\"has-text-align-center wp-block-heading\">Pressestimmen<\/h2>\n\n\n\n<p><strong>S\u00fcddeutsche Zeitung, 13. Juli 2012<\/strong><br>Regisseurin Jana Jeworreck und ihrer einzigen Darstellerin Katrin Wunderlich gelingt es [\u2026] mit einfachen, stimmigen und phantasievollen Mitteln den Geist des Romans einzufangen. [\u2026] Wunderlich erf\u00fcllt ihre Rollen mit Leben, [\u2026] ist zickig, sch\u00fcchtern, verwirrt, energisch und aufbrausend.<\/p>\n\n\n\n<p><a href=\"https:\/\/www.janajeworreck.de\/wp-content\/uploads\/2017\/04\/SZ-Kritik.pdf\">SZ Kritik<\/a><\/p>\n\n\n\n<p><strong>Abendzeitung, 14. Juli 2012<\/strong><br>[\u2026] Dieses Cham\u00e4leon spielt Katrin Wunderlich [\u2026] als unterhaltsames 90-Minuten Solo [\u2026] in diesem Parforceritt durch 500 Jahre \u00fcberzeugend mit viel Verve.<\/p>\n\n\n\n<p><a href=\"https:\/\/www.janajeworreck.de\/wp-content\/uploads\/2017\/04\/AZ-Kritik.pdf\">AZ Kritik<\/a><\/p>\n\n\n\n<p><strong>Selber Tagblatt, 18. Juni 2013<\/strong><br>Wunderbar leicht t\u00e4nzelt Katrin Wunderlich durch die Epochen [&#8230;] Verf\u00fchrerisch, trunken an Poesie und im Sog der gro\u00dfen Visionen [&#8230;] gelingt eine Meisterleistung.<\/p>\n\n\n\n<p><a href=\"https:\/\/www.janajeworreck.de\/wp-content\/uploads\/2017\/04\/Orlando-Kritik-Selb.pdf\">Orlando Kritik Selb<\/a><\/p>\n\n\n\n<p><a href=\"https:\/\/www.janajeworreck.de\/wp-content\/uploads\/2017\/04\/Theaterkritiken.com_.pdf\">Theaterkritiken.com<\/a><\/p>\n\n\n\n<p><a href=\"https:\/\/www.janajeworreck.de\/wp-content\/uploads\/2017\/04\/Murnauer-Tagblatt.pdf\">Murnauer Tagblatt<\/a><\/p>\n\n\n\n<h2 class=\"has-text-align-center wp-block-heading\">Inhalt<\/h2>\n\n\n\n<p>Die Geschichte des jungen Adeligen Orlando beginnt Mitte des 16. Jahrhunderts. Er steht in der Gunst von K\u00f6nigin Elisabeth I. und wird von ihr hofiert. Nach deren Tod verliebt er sich in die moskowitische Prinzessin Sascha, doch diese verl\u00e4\u00dft ihn schm\u00e4hlich und Orlando f\u00e4llt in einen siebent\u00e4gigen Schlaf wie ein kleiner Tod.<\/p>\n\n\n\n<p>Wieder erwacht lebt er viele Jahre zur\u00fcckgezogen und widmet sich der Poesie. Doch der Schriftsteller Nick Greene verh\u00f6hnt Orlandos poetische Versuche und dieser beschlie\u00dft, nie mehr zu schreiben und das Land zu verlassen.<\/p>\n\n\n\n<p>Unter K\u00f6nig Charles II. wird Orlando als Gesandter nach Konstantinopel geschickt, f\u00e4llt mitten im t\u00fcrkischen Aufstand wieder in einen sieben Tage andauernden Schlaf, aus dem er als Frau erwacht.<\/p>\n\n\n\n<p>Die weibliche Orlando kehrt nach England zur\u00fcck, sucht Abenteuer und Gesellschaft und mu\u00df sich mit dem Hochmut der Geistreichen des 18. Jahrhunderts auseinandersetzen.<\/p>\n\n\n\n<p>Schlie\u00dflich lernt sie einen Abenteurer kennen, verliebt sich und heiratet ihn. In trauter Zweisamkeit verbringen sie das 19. Jahrhundert.<\/p>\n\n\n\n<p>In der Gegenwart wird Orlando auf einen Schlag mit den verschiedenen Identit\u00e4ten als Mann und Frau konfrontiert und versucht diese zahlreichen Pers\u00f6nlichkeiten in Einklang zu bringen.<\/p>\n\n\n\n<h3 class=\"has-text-align-center wp-block-heading\">\u00dcber den Roman<\/h3>\n\n\n\n<p>Virginia Woolf beschrieb den 1928 erschienen Roman als humorvolle und leicht zu lesende Lekt\u00fcre, die sie schnell verfasst habe. Sie widmete ihn ihrer Geliebten Vita Sackville-West, mit der sie zuvor einen gemeinsamen Urlaub verbrachte hatte und die auch die Vorlage f\u00fcr die Hauptfigur war.<\/p>\n\n\n\n<p>Der feministische Inhalt des Romans steht durch die homosexuelle Beziehung Woolfs zu Sackville-West in vielen Interpretationen im Vordergrund. Die Rollenbilder der jeweiligen Zeit werden besonders durch die Umkehrung von Klischeevorstellungen hervorgehoben; der m\u00e4nnliche Orlando ist eher passiv und weich, die weibliche Orlando selbstbewu\u00dft, wissbegierig und mutig.<\/p>\n\n\n\n<p>Dennoch mu\u00df sich die Figur niemals vollst\u00e4ndig dem Diktat der Epoche unterwerfen. Woolf l\u00e4\u00dft Orlando vielmehr mit den Erfahrungen spielerisch umgehen, ausprobieren, wie es sich anf\u00fchlt, eine weitere Identit\u00e4t zu haben.<\/p>\n\n\n\n<blockquote class=\"wp-block-quote is-layout-flow wp-block-quote-is-layout-flow\"><p style=\"text-align: center;\">\u201e<em>Wer also? Was also<\/em>\u201c<\/p><\/blockquote>\n\n\n\n<p>fragt sich Orlando in der Gegenwart und der Biograph sagt:<\/p>\n\n\n\n<blockquote class=\"wp-block-quote is-layout-flow wp-block-quote-is-layout-flow\"><p style=\"text-align: center;\"><em>\u201eDenn sie hatte eine solch gro\u00dfe Vielzahl an Ichs, [\u2026] zu viele, um ihnen ausreichend Raum zu geben, weil eine Biographie schon als vollst\u00e4ndig gilt, wenn nur sechs oder sieben Ichs betrachtet werden, obwohl ein Mensch durchaus \u00fcber Tausende haben kann.\u201c<\/em><\/p><\/blockquote>\n","protected":false},"excerpt":{"rendered":"<p>Humoristisches Theaterst\u00fcck nach dem Roman von Virginia Woolf Biograph, Orlando und viele weitere Personen: Katrin WunderlichTextbearbeitung &amp; Regie: Jana Jeworreck Identit\u00e4ten im Strom der Epochen \u201eDieses ist, was manche Menschen \u201edas wahre Ich\u201c&#8230;<\/p>\n<div class=\"more-link-wrapper\"><a class=\"more-link\" href=\"https:\/\/www.janajeworreck.de\/index.php\/theater\/orlando-eine-biographie\/\">Weiterlesen<span class=\"screen-reader-text\">Orlando. Eine Biographie.<\/span><\/a><\/div>\n","protected":false},"author":1,"featured_media":0,"parent":100,"menu_order":0,"comment_status":"closed","ping_status":"closed","template":"","meta":{"footnotes":""},"class_list":["post-114","page","type-page","status-publish","hentry","entry"],"_links":{"self":[{"href":"https:\/\/www.janajeworreck.de\/index.php\/wp-json\/wp\/v2\/pages\/114","targetHints":{"allow":["GET"]}}],"collection":[{"href":"https:\/\/www.janajeworreck.de\/index.php\/wp-json\/wp\/v2\/pages"}],"about":[{"href":"https:\/\/www.janajeworreck.de\/index.php\/wp-json\/wp\/v2\/types\/page"}],"author":[{"embeddable":true,"href":"https:\/\/www.janajeworreck.de\/index.php\/wp-json\/wp\/v2\/users\/1"}],"replies":[{"embeddable":true,"href":"https:\/\/www.janajeworreck.de\/index.php\/wp-json\/wp\/v2\/comments?post=114"}],"version-history":[{"count":26,"href":"https:\/\/www.janajeworreck.de\/index.php\/wp-json\/wp\/v2\/pages\/114\/revisions"}],"predecessor-version":[{"id":1537,"href":"https:\/\/www.janajeworreck.de\/index.php\/wp-json\/wp\/v2\/pages\/114\/revisions\/1537"}],"up":[{"embeddable":true,"href":"https:\/\/www.janajeworreck.de\/index.php\/wp-json\/wp\/v2\/pages\/100"}],"wp:attachment":[{"href":"https:\/\/www.janajeworreck.de\/index.php\/wp-json\/wp\/v2\/media?parent=114"}],"curies":[{"name":"wp","href":"https:\/\/api.w.org\/{rel}","templated":true}]}}