{"id":1640,"date":"2021-01-03T10:35:57","date_gmt":"2021-01-03T09:35:57","guid":{"rendered":"http:\/\/www.janajeworreck.de\/?page_id=1640"},"modified":"2021-01-03T10:35:57","modified_gmt":"2021-01-03T09:35:57","slug":"die-toechter-des-henkers","status":"publish","type":"page","link":"https:\/\/www.janajeworreck.de\/index.php\/die-toechter-des-henkers\/","title":{"rendered":"Die T\u00f6chter des Henkers"},"content":{"rendered":"\n<p class=\"has-text-align-center\">Eine M\u00e4rchennovelle<br>von Nymphen, Hexen, Prinzen und Herzensw\u00fcnschen<\/p>\n\n\n\n<div class=\"wp-block-image is-style-default\"><figure class=\"aligncenter size-large is-resized\"><img loading=\"lazy\" decoding=\"async\" src=\"https:\/\/www.janajeworreck.de\/wp-content\/uploads\/2020\/09\/Die-Toechter-des-Henkers-komplett-700x533.jpg\" alt=\"\" class=\"wp-image-1595\" width=\"525\" height=\"400\" srcset=\"https:\/\/www.janajeworreck.de\/wp-content\/uploads\/2020\/09\/Die-Toechter-des-Henkers-komplett-700x533.jpg 700w, https:\/\/www.janajeworreck.de\/wp-content\/uploads\/2020\/09\/Die-Toechter-des-Henkers-komplett-300x228.jpg 300w, https:\/\/www.janajeworreck.de\/wp-content\/uploads\/2020\/09\/Die-Toechter-des-Henkers-komplett-768x585.jpg 768w, https:\/\/www.janajeworreck.de\/wp-content\/uploads\/2020\/09\/Die-Toechter-des-Henkers-komplett-1536x1169.jpg 1536w, https:\/\/www.janajeworreck.de\/wp-content\/uploads\/2020\/09\/Die-Toechter-des-Henkers-komplett-2048x1559.jpg 2048w\" sizes=\"auto, (max-width: 525px) 100vw, 525px\" \/><\/figure><\/div>\n\n\n\n<p class=\"has-text-align-center\">Jetzt Ebook bestellen bei einem der zahlreichen Tolino-Partner.<br><a rel=\"noreferrer noopener\" href=\"https:\/\/www.thalia.de\/shop\/home\/artikeldetails\/ID149500822.html\" target=\"_blank\">Thalia<\/a><br><a rel=\"noreferrer noopener\" href=\"https:\/\/www.buecher.de\/shop\/anthologien--sammlungen\/die-toechter-des-henkers-ebook-epub\/jeworreck-jana\/products_products\/detail\/prod_id\/60130434\/\" target=\"_blank\">B\u00fccher.de<\/a><br><a rel=\"noreferrer noopener\" href=\"https:\/\/www.hugendubel.de\/de\/ebook_epub\/jana_jeworreck-die_toechter_des_henkers-39647724-produkt-details.html?searchId=174660362&amp;originalSearchString=\" target=\"_blank\">Hugendubel<\/a><br><a rel=\"noreferrer noopener\" href=\"https:\/\/www.weltbild.de\/artikel\/ebook\/die-toechter-des-henkers_30156923-1\" target=\"_blank\">Weltbild<\/a><br><br>oder als gedrucktes Exemplar<br><a href=\"https:\/\/www.bod.de\/buchshop\/die-toechter-des-henkers-jana-jeworreck-9783752625004\" target=\"_blank\" rel=\"noreferrer noopener\">Books On Demand<\/a><br><a href=\"https:\/\/www.amazon.de\/gp\/product\/3752625007\" target=\"_blank\" rel=\"noreferrer noopener\">Amazon<\/a><\/p>\n\n\n\n<p><\/p>\n\n\n\n<p class=\"has-text-align-center\">Unter jungen M\u00e4nnern des Landes Weossuno gilt es als Mutprobe, dem Henker des K\u00f6nigs die Liste der Todgeweihten zu bringen. Wer dabei dessen T\u00f6chter ersp\u00e4ht, gilt als besonders erfolgreich, denn der Vater h\u00e4lt die M\u00e4dchen vor der Welt versteckt.<\/p>\n\n\n\n<p class=\"has-text-align-center\">Doch vor allem die j\u00fcngere Tochter Felia tr\u00e4umt von einem anderen Leben und lehnt sich zunehmend gegen den Vater auf. Au\u00dferdem gibt es Streit mit der \u00e4lteren Schwester Tonja, die durch eine schwere Krankheit gezeichnet ist und als entstellt gilt.<\/p>\n\n\n\n<p class=\"has-text-align-center\">Als der Prinz des Landes und sein Freund eine Wette abschlie\u00dfen, sich als Boten ausgeben und den Frauen auflauern, verliebt sich Felia. Und Tonjas sehnlichster Wunsch, einmal so makellos wie ihre Schwester auszusehen, geht in Erf\u00fcllung \u2026<br><br><br><\/p>\n","protected":false},"excerpt":{"rendered":"<p>Eine M\u00e4rchennovellevon Nymphen, Hexen, Prinzen und Herzensw\u00fcnschen Jetzt Ebook bestellen bei einem der zahlreichen Tolino-Partner.ThaliaB\u00fccher.deHugendubelWeltbild oder als gedrucktes ExemplarBooks On DemandAmazon Unter jungen M\u00e4nnern des Landes Weossuno gilt es als Mutprobe, dem Henker&#8230;<\/p>\n<div class=\"more-link-wrapper\"><a class=\"more-link\" href=\"https:\/\/www.janajeworreck.de\/index.php\/die-toechter-des-henkers\/\">Weiterlesen<span class=\"screen-reader-text\">Die T\u00f6chter des Henkers<\/span><\/a><\/div>\n","protected":false},"author":1,"featured_media":1586,"parent":0,"menu_order":0,"comment_status":"closed","ping_status":"closed","template":"","meta":{"footnotes":""},"class_list":["post-1640","page","type-page","status-publish","has-post-thumbnail","hentry","entry"],"_links":{"self":[{"href":"https:\/\/www.janajeworreck.de\/index.php\/wp-json\/wp\/v2\/pages\/1640","targetHints":{"allow":["GET"]}}],"collection":[{"href":"https:\/\/www.janajeworreck.de\/index.php\/wp-json\/wp\/v2\/pages"}],"about":[{"href":"https:\/\/www.janajeworreck.de\/index.php\/wp-json\/wp\/v2\/types\/page"}],"author":[{"embeddable":true,"href":"https:\/\/www.janajeworreck.de\/index.php\/wp-json\/wp\/v2\/users\/1"}],"replies":[{"embeddable":true,"href":"https:\/\/www.janajeworreck.de\/index.php\/wp-json\/wp\/v2\/comments?post=1640"}],"version-history":[{"count":6,"href":"https:\/\/www.janajeworreck.de\/index.php\/wp-json\/wp\/v2\/pages\/1640\/revisions"}],"predecessor-version":[{"id":1646,"href":"https:\/\/www.janajeworreck.de\/index.php\/wp-json\/wp\/v2\/pages\/1640\/revisions\/1646"}],"wp:featuredmedia":[{"embeddable":true,"href":"https:\/\/www.janajeworreck.de\/index.php\/wp-json\/wp\/v2\/media\/1586"}],"wp:attachment":[{"href":"https:\/\/www.janajeworreck.de\/index.php\/wp-json\/wp\/v2\/media?parent=1640"}],"curies":[{"name":"wp","href":"https:\/\/api.w.org\/{rel}","templated":true}]}}