{"id":18,"date":"2017-04-22T14:08:22","date_gmt":"2017-04-22T12:08:22","guid":{"rendered":"http:\/\/www.janajeworreck.de\/?page_id=18"},"modified":"2020-06-08T13:08:54","modified_gmt":"2020-06-08T11:08:54","slug":"ueber-mich","status":"publish","type":"page","link":"https:\/\/www.janajeworreck.de\/index.php\/ueber-mich\/","title":{"rendered":"\u00dcber mich"},"content":{"rendered":"\n<div class=\"wp-block-image\"><figure class=\"alignright\"><img loading=\"lazy\" decoding=\"async\" width=\"200\" height=\"300\" src=\"https:\/\/www.janajeworreck.de\/wp-content\/uploads\/2017\/04\/PPBochum-4-200x300.jpg\" alt=\"\" class=\"wp-image-49\"\/><\/figure><\/div>\n\n\n\n<p>Mit acht Jahren versuchte ich mich an meiner ersten fantastischen Geschichte. Ich kam damals \u00fcber die ersten drei Kapitel nicht hinaus. Um endlich zu lernen, wie es richtig geht, studierte ich schlie\u00dflich Kulturwissenschaften mit Schwerpunkt \u201cKreatives Schreiben\u201d bei Prof. Dr. Hanns-Josef Ortheil an der Universit\u00e4t Hildesheim.<\/p>\n\n\n\n<p>Nach meinem Diplom arbeitete ich zun\u00e4chst als Regieassistentin am Theater Ingolstadt. Sp\u00e4ter f\u00fchrte ich dort Regie u.a. bei \u201eAngriffe auf Anne\u201c von Martin Crimp, \u201eElisabeth B\u00e1thory\u201c und \u201e<a href=\"https:\/\/www.janajeworreck.de\/index.php\/theater\/das-kunstseidene-maedchen\/\">Das kunstseidene M\u00e4dchen<\/a>\u201c nach dem Roman von Irmgard Keun.<\/p>\n\n\n\n<p>Au\u00dferdem adaptierte und inszenierte ich \u201e<a href=\"https:\/\/www.janajeworreck.de\/index.php\/theater\/orlando-eine-biographie\/\">Orlando. Eine Biographie<\/a>\u201c nach dem Roman von Virginia Woolf in der Pasinger Fabrik, M\u00fcnchen.<\/p>\n\n\n\n<p>F\u00fcr das Theater verfasste und inszenierte ich desweiteren u.a. Texte wie \u201eStarke franz\u00f6sische Frauen \u2013 Jeanne D\u00b4\u00c0rc, Olymp de Gouge, Marie Curie\u201c, \u201eSherlock Holmes \u2013 Mord im Theater\u201c und \u201eCoco Chanel\u201c. Au\u00dferdem dramatisierte ich f\u00fcr den Kultursommer Garmisch-Partenkirchen \u201eDie unendliche Geschichte\u201c von Michael Ende.<\/p>\n\n\n\n<p>2012 erschien mein erstes Buch, der Fantasyroman <a rel=\"noopener noreferrer\" href=\"https:\/\/www.janajeworreck.de\/index.php\/schreiben\/reise\/\" target=\"_blank\">\u201eReise in die Mitte von Mera\u201c<\/a> im Eigenverlag, das ich zus\u00e4tzlich als gleichnamiges H\u00f6rbuch produzierte. <\/p>\n\n\n\n<p>Es brauchte dann doch f\u00fcnf Jahre, bis ich ein neues Schreibprojekt herausbrachte.  Im Jahr 2017 erfolgte die Ver\u00f6ffentlichung von <a rel=\"noopener noreferrer\" href=\"https:\/\/www.janajeworreck.de\/index.php\/schreiben\/dreiland-i\/\" target=\"_blank\">&#8222;Dreiland I&#8220;<\/a> , dem Auftakt zu einem neuen Fantasyabenteuer, deren<a rel=\"noopener noreferrer\" href=\"https:\/\/www.janajeworreck.de\/index.php\/schreiben\/dreiland-ii\/\" target=\"_blank\"> zweiter Teil<\/a> 2018 erschien.&nbsp; Am 30.03.2019 wurde <a href=\"https:\/\/www.janajeworreck.de\/index.php\/schreiben\/dreiland-iii\/\" target=\"_blank\" rel=\"noreferrer noopener\">Band III<\/a> ver\u00f6ffentlicht.<\/p>\n\n\n\n<p>Seit einiger Zeit lebe ich wieder in meiner alten Heimat im Ruhrgebiet und konzentriere mich vornehmlich auf meine verschiedenen Schreibprojekte.<\/p>\n","protected":false},"excerpt":{"rendered":"<p>Mit acht Jahren versuchte ich mich an meiner ersten fantastischen Geschichte. Ich kam damals \u00fcber die ersten drei Kapitel nicht hinaus. Um endlich zu lernen, wie es richtig geht, studierte ich schlie\u00dflich Kulturwissenschaften&#8230;<\/p>\n<div class=\"more-link-wrapper\"><a class=\"more-link\" href=\"https:\/\/www.janajeworreck.de\/index.php\/ueber-mich\/\">Weiterlesen<span class=\"screen-reader-text\">\u00dcber mich<\/span><\/a><\/div>\n","protected":false},"author":1,"featured_media":0,"parent":0,"menu_order":0,"comment_status":"closed","ping_status":"closed","template":"","meta":{"footnotes":""},"class_list":["post-18","page","type-page","status-publish","hentry","entry"],"_links":{"self":[{"href":"https:\/\/www.janajeworreck.de\/index.php\/wp-json\/wp\/v2\/pages\/18","targetHints":{"allow":["GET"]}}],"collection":[{"href":"https:\/\/www.janajeworreck.de\/index.php\/wp-json\/wp\/v2\/pages"}],"about":[{"href":"https:\/\/www.janajeworreck.de\/index.php\/wp-json\/wp\/v2\/types\/page"}],"author":[{"embeddable":true,"href":"https:\/\/www.janajeworreck.de\/index.php\/wp-json\/wp\/v2\/users\/1"}],"replies":[{"embeddable":true,"href":"https:\/\/www.janajeworreck.de\/index.php\/wp-json\/wp\/v2\/comments?post=18"}],"version-history":[{"count":38,"href":"https:\/\/www.janajeworreck.de\/index.php\/wp-json\/wp\/v2\/pages\/18\/revisions"}],"predecessor-version":[{"id":1581,"href":"https:\/\/www.janajeworreck.de\/index.php\/wp-json\/wp\/v2\/pages\/18\/revisions\/1581"}],"wp:attachment":[{"href":"https:\/\/www.janajeworreck.de\/index.php\/wp-json\/wp\/v2\/media?parent=18"}],"curies":[{"name":"wp","href":"https:\/\/api.w.org\/{rel}","templated":true}]}}